{"id":77,"date":"2025-10-21T13:17:48","date_gmt":"2025-10-21T13:17:48","guid":{"rendered":"https:\/\/tlos.tr\/?page_id=77"},"modified":"2025-10-21T14:30:03","modified_gmt":"2025-10-21T14:30:03","slug":"dogallik","status":"publish","type":"page","link":"https:\/\/www.tlos.tr\/?page_id=77","title":{"rendered":"Do\u011fall\u0131k"},"content":{"rendered":"\n<p class=\"has-small-font-size\"><strong>&#x1f36f;\u00a0<\/strong><\/p>\n\n\n\n<div class=\"wp-block-group\"><div class=\"wp-block-group__inner-container is-layout-constrained wp-block-group-is-layout-constrained\">\n<p class=\"has-text-align-center has-large-font-size\"><strong>Do\u011fall\u0131k Nedir Bizim \u0130\u00e7in?<\/strong><\/p>\n\n\n\n<p class=\"has-text-align-center has-medium-font-size\">Tlos Ikarus Honey olarak biz, do\u011fall\u0131\u011f\u0131 sadece bir kelime olarak de\u011fil, bir ya\u015fam felsefesi olarak g\u00f6r\u00fcyoruz.<\/p>\n\n\n\n<p class=\"has-text-align-center has-medium-font-size\">Bal\u0131m\u0131z, ar\u0131lar\u0131n \u00e7i\u00e7eklerden, ormanlardan ve da\u011flardan toplad\u0131\u011f\u0131 \u00f6zlerin saf halidir.<\/p>\n\n\n\n<p class=\"has-text-align-center has-medium-font-size\">Hi\u00e7bir katk\u0131, \u015feker \u015furubu veya yapay aroma kullan\u0131lmaz.<\/p>\n\n\n\n<p class=\"has-text-align-center has-medium-font-size\">Sadece ar\u0131lar\u0131n eme\u011fi, do\u011fan\u0131n mucizesi ve bizim \u00f6zenimiz.<\/p>\n\n\n\n<p class=\"has-text-align-center has-medium-font-size\"><strong>&#x1f33f;<\/strong><strong>&nbsp;<\/strong><\/p>\n\n\n\n<p class=\"has-text-align-center has-large-font-size\"><strong>Do\u011fan\u0131n Dengesine Sayg\u0131<\/strong><\/p>\n\n\n\n<p class=\"has-text-align-center has-medium-font-size\">Kovanlar\u0131m\u0131z, do\u011fayla uyumlu \u015fekilde yerle\u015ftirilir.<\/p>\n\n\n\n<p class=\"has-text-align-center has-medium-font-size\">Ar\u0131lar\u0131m\u0131za kimyasal ila\u00e7 verilmez, \u00e7evre dostu \u00fcretim yap\u0131l\u0131r.<\/p>\n\n\n\n<p class=\"has-text-align-center has-medium-font-size\">Her damla balda do\u011fan\u0131n dengesine duyulan sayg\u0131 bulunur.<\/p>\n\n\n\n<p class=\"has-text-align-center has-medium-font-size\"><strong>&#x1f31e;<\/strong><strong>&nbsp;<\/strong><\/p>\n\n\n\n<p class=\"has-text-align-center has-large-font-size\"><strong>Safl\u0131k, \u015eeffafl\u0131k, G\u00fcven<\/strong><\/p>\n\n\n\n<p class=\"has-text-align-center has-medium-font-size\">Bizim i\u00e7in do\u011fall\u0131k; \u00fcretimin her a\u015famas\u0131nda \u015feffafl\u0131k demektir.<\/p>\n\n\n\n<p class=\"has-text-align-center has-medium-font-size\">Bal\u0131m\u0131z\u0131n rengi, kokusu ve aromas\u0131 do\u011fan\u0131n kendisinden gelir \u2014 hi\u00e7bir i\u015flem g\u00f6rmeden kavanozlan\u0131r.<\/p>\n\n\n\n<p class=\"has-text-align-center has-medium-font-size\">Bu sayede sofralar\u0131n\u0131za ula\u015fan bal, do\u011frudan do\u011fadan gelen saf enerji olur.<\/p>\n<\/div><\/div>\n\n\n\n<p><\/p>\n","protected":false},"excerpt":{"rendered":"<p>&#x1f36f;\u00a0 Do\u011fall\u0131k Nedir Bizim \u0130\u00e7in? Tlos Ikarus Honey olarak biz, do\u011fall\u0131\u011f\u0131 sadece bir kelime olarak de\u011fil, bir ya\u015fam felsefesi olarak g\u00f6r\u00fcyoruz. Bal\u0131m\u0131z, ar\u0131lar\u0131n \u00e7i\u00e7eklerden, ormanlardan ve da\u011flardan toplad\u0131\u011f\u0131 \u00f6zlerin saf halidir. Hi\u00e7bir katk\u0131, \u015feker \u015furubu veya yapay aroma kullan\u0131lmaz. Sadece ar\u0131lar\u0131n eme\u011fi, do\u011fan\u0131n mucizesi ve bizim \u00f6zenimiz. &#x1f33f;&nbsp; Do\u011fan\u0131n Dengesine Sayg\u0131 Kovanlar\u0131m\u0131z, do\u011fayla uyumlu \u015fekilde [&hellip;]<\/p>\n","protected":false},"author":1,"featured_media":0,"parent":0,"menu_order":0,"comment_status":"closed","ping_status":"closed","template":"","meta":{"ngg_post_thumbnail":0,"footnotes":""},"class_list":["post-77","page","type-page","status-publish","hentry"],"_links":{"self":[{"href":"https:\/\/www.tlos.tr\/index.php?rest_route=\/wp\/v2\/pages\/77","targetHints":{"allow":["GET"]}}],"collection":[{"href":"https:\/\/www.tlos.tr\/index.php?rest_route=\/wp\/v2\/pages"}],"about":[{"href":"https:\/\/www.tlos.tr\/index.php?rest_route=\/wp\/v2\/types\/page"}],"author":[{"embeddable":true,"href":"https:\/\/www.tlos.tr\/index.php?rest_route=\/wp\/v2\/users\/1"}],"replies":[{"embeddable":true,"href":"https:\/\/www.tlos.tr\/index.php?rest_route=%2Fwp%2Fv2%2Fcomments&post=77"}],"version-history":[{"count":5,"href":"https:\/\/www.tlos.tr\/index.php?rest_route=\/wp\/v2\/pages\/77\/revisions"}],"predecessor-version":[{"id":110,"href":"https:\/\/www.tlos.tr\/index.php?rest_route=\/wp\/v2\/pages\/77\/revisions\/110"}],"wp:attachment":[{"href":"https:\/\/www.tlos.tr\/index.php?rest_route=%2Fwp%2Fv2%2Fmedia&parent=77"}],"curies":[{"name":"wp","href":"https:\/\/api.w.org\/{rel}","templated":true}]}}