{"id":75,"date":"2025-10-21T13:17:48","date_gmt":"2025-10-21T13:17:48","guid":{"rendered":"https:\/\/tlos.tr\/?page_id=75"},"modified":"2025-10-21T14:19:02","modified_gmt":"2025-10-21T14:19:02","slug":"hakkimizda","status":"publish","type":"page","link":"https:\/\/www.tlos.tr\/?page_id=75","title":{"rendered":"Hakk\u0131m\u0131zda"},"content":{"rendered":"\n<p class=\"has-large-font-size\">Pegasus\u2019un kanat \u00e7\u0131rpt\u0131\u011f\u0131, Likya\u2019n\u0131n \u00e7i\u00e7eklerle dolu vadilerinden gelen do\u011fal mucize.<br>Binlerce y\u0131ld\u0131r do\u011fan\u0131n en saf arma\u011fan\u0131 olan bal, Tlos\u2019un bereketli topraklar\u0131ndan sofralar\u0131n\u0131za geliyor.\u201d<\/p>\n\n\n\n<p><\/p>\n","protected":false},"excerpt":{"rendered":"<p>Pegasus\u2019un kanat \u00e7\u0131rpt\u0131\u011f\u0131, Likya\u2019n\u0131n \u00e7i\u00e7eklerle dolu vadilerinden gelen do\u011fal mucize.Binlerce y\u0131ld\u0131r do\u011fan\u0131n en saf arma\u011fan\u0131 olan bal, Tlos\u2019un bereketli topraklar\u0131ndan sofralar\u0131n\u0131za geliyor.\u201d<\/p>\n","protected":false},"author":1,"featured_media":0,"parent":0,"menu_order":0,"comment_status":"closed","ping_status":"closed","template":"","meta":{"ngg_post_thumbnail":0,"footnotes":""},"class_list":["post-75","page","type-page","status-publish","hentry"],"_links":{"self":[{"href":"https:\/\/www.tlos.tr\/index.php?rest_route=\/wp\/v2\/pages\/75","targetHints":{"allow":["GET"]}}],"collection":[{"href":"https:\/\/www.tlos.tr\/index.php?rest_route=\/wp\/v2\/pages"}],"about":[{"href":"https:\/\/www.tlos.tr\/index.php?rest_route=\/wp\/v2\/types\/page"}],"author":[{"embeddable":true,"href":"https:\/\/www.tlos.tr\/index.php?rest_route=\/wp\/v2\/users\/1"}],"replies":[{"embeddable":true,"href":"https:\/\/www.tlos.tr\/index.php?rest_route=%2Fwp%2Fv2%2Fcomments&post=75"}],"version-history":[{"count":3,"href":"https:\/\/www.tlos.tr\/index.php?rest_route=\/wp\/v2\/pages\/75\/revisions"}],"predecessor-version":[{"id":105,"href":"https:\/\/www.tlos.tr\/index.php?rest_route=\/wp\/v2\/pages\/75\/revisions\/105"}],"wp:attachment":[{"href":"https:\/\/www.tlos.tr\/index.php?rest_route=%2Fwp%2Fv2%2Fmedia&parent=75"}],"curies":[{"name":"wp","href":"https:\/\/api.w.org\/{rel}","templated":true}]}}