{"id":273,"date":"2025-10-23T20:15:35","date_gmt":"2025-10-23T20:15:35","guid":{"rendered":"https:\/\/tlos.tr\/?page_id=273"},"modified":"2025-10-24T07:36:18","modified_gmt":"2025-10-24T07:36:18","slug":"%f0%9f%8f%9b%ef%b8%8f","status":"publish","type":"page","link":"https:\/\/www.tlos.tr\/?page_id=273","title":{"rendered":"&#x1f3db;&#xfe0f;\u00a0"},"content":{"rendered":"\t\t<div data-elementor-type=\"wp-page\" data-elementor-id=\"273\" class=\"elementor elementor-273\">\n\t\t\t\t<div class=\"elementor-element elementor-element-151070 e-flex e-con-boxed e-con e-parent\" data-id=\"151070\" data-element_type=\"container\" data-e-type=\"container\">\n\t\t\t\t\t<div class=\"e-con-inner\">\n\t\t\t\t<div class=\"elementor-element elementor-element-197da894 elementor-widget elementor-widget-text-editor\" data-id=\"197da894\" data-element_type=\"widget\" data-e-type=\"widget\" data-widget_type=\"text-editor.default\">\n\t\t\t\t\t\t\t\t\t\n<p><strong>Tlos\u2019un Efsanesi \u2013 Likya\u2019n\u0131n G\u00f6ky\u00fcz\u00fcne A\u00e7\u0131lan \u015eehri<\/strong><\/p>\n\n\n\n<p>Tlos, Anadolu\u2019nun g\u00fcneybat\u0131s\u0131nda, bug\u00fcnk\u00fc Fethiye ve Seydikemer yak\u0131nlar\u0131nda yer alan,<\/p>\n\n\n\n<p>Likya uygarl\u0131\u011f\u0131n\u0131n en eski ve en g\u00fc\u00e7l\u00fc kentlerinden biridir.<\/p>\n\n\n\n<p>Bu \u015fehir, efsanelere g\u00f6re Tanr\u0131lar\u0131n ve kahramanlar\u0131n ya\u015fad\u0131\u011f\u0131 kadim bir yer olarak bilinir.<\/p>\n\n\n\n<p>Tlos halk\u0131, topra\u011fa sayg\u0131 duyan, do\u011fayla uyum i\u00e7inde ya\u015fayan bir uygarl\u0131\u011f\u0131n temsilcisidir.<\/p>\n\n\n\n<p>Antik kaynaklarda Tlos, \u201cLikya\u2019n\u0131n en kutsal kenti\u201d olarak ge\u00e7er \u2014<\/p>\n\n\n\n<p>\u00e7\u00fcnk\u00fc buras\u0131 hem do\u011fan\u0131n hem insan eme\u011finin bir arada \u015fekillendi\u011fi bir yerdir.<\/p>\n\n\n\n<p>Tlos\u2019un simgesi, kanatlar\u0131yla g\u00f6\u011fe y\u00fckselen \u00f6zg\u00fcrl\u00fck ve bereket ruhudur.<\/p>\n\n\n\n<p>Bu y\u00fczden markan\u0131n amblemindeki kanatl\u0131 fig\u00fcr, Tlos\u2019un do\u011fayla bir b\u00fct\u00fcn olma felsefesini temsil eder.<\/p>\n\n\n\n<p><strong>&#x1f54a;&#xfe0f;&nbsp;<\/strong><\/p>\n\n\n\n<p><strong>\u0130karus\u2019un Efsanesi \u2013 G\u00fcne\u015fe Kanat \u00c7\u0131rpan \u0130nsan<\/strong><\/p>\n\n\n\n<p>Yunan mitolojisinde \u0130karus, \u00f6zg\u00fcrl\u00fc\u011f\u00fcn ve cesaretin simgesidir.<\/p>\n\n\n\n<p>Babas\u0131 Daidalos\u2019la birlikte Girit\u2019te tutsak edilen \u0130karus, balmumundan kanatlar yaparak g\u00f6\u011fe y\u00fckselir.<\/p>\n\n\n\n<p>Ancak g\u00fcne\u015fe fazla yakla\u015f\u0131nca kanatlar\u0131 erir ve denize d\u00fc\u015fer.<\/p>\n\n\n\n<p>\u0130karus\u2019un hikayesi, hayal kurman\u0131n, denemekten korkmaman\u0131n ve \u00f6zg\u00fcrl\u00fck aray\u0131\u015f\u0131n\u0131n simgesidir.<\/p>\n\n\n\n<p>Her ne kadar trajik g\u00f6r\u00fcnse de, asl\u0131nda \u201cg\u00f6\u011fe dokunma cesareti\u201dni anlat\u0131r.<\/p>\n\n\n\n<p><strong>&#x1f36f;&nbsp;<\/strong><\/p>\n\n\n\n<p><strong>Tlos \u0130karus Honey \u2013 Efsanenin Do\u011fayla Bulu\u015ftu\u011fu Yer<\/strong><\/p>\n\n\n\n<p>\u0130\u015fte bu iki g\u00fc\u00e7l\u00fc hikaye, Tlos \u0130karus Honey markas\u0131nda birle\u015fir.<\/p>\n\n\n\n<ul class=\"wp-block-list\">\n<li>Tlos, topra\u011f\u0131n bereketini ve do\u011fan\u0131n kutsall\u0131\u011f\u0131n\u0131 temsil eder.<\/li>\n\n\n\n<li>\u0130karus ise insan eme\u011fini, cesareti ve \u00f6zg\u00fcrl\u00fck ruhunu simgeler.<\/li>\n<\/ul>\n\n\n\n<p>Tlos \u0130karus Honey, bu iki efsanenin bulu\u015ftu\u011fu noktada do\u011fmu\u015ftur:<\/p>\n\n\n\n<p>Do\u011fadan gelen safl\u0131k ile insan\u0131n eme\u011fini bir araya getiren bir hikayedir.<\/p>\n\n\n\n<p>Her damla balda,<\/p>\n\n\n\n<p>Tlos\u2019un topra\u011f\u0131n\u0131n bereketi,<\/p>\n\n\n\n<p>\u0130karus\u2019un kanatlar\u0131ndaki cesaret,<\/p>\n\n\n\n<p>ve ar\u0131lar\u0131n sab\u0131rla \u00f6rd\u00fc\u011f\u00fc ya\u015fam d\u00f6ng\u00fcs\u00fcn\u00fcn mucizesi vard\u0131r.<\/p>\n\n\n\n<p>Tlos \u0130karus Honey \u2013 Do\u011fan\u0131n Efsanesi, Eme\u011fin Kanatlar\u0131yla Y\u00fckseliyor.<\/p>\n\n\n\n<p><\/p>\n\t\t\t\t\t\t\t\t<\/div>\n\t\t\t\t\t<\/div>\n\t\t\t\t<\/div>\n\t\t<div class=\"elementor-element elementor-element-0486d20 e-flex e-con-boxed e-con e-parent\" data-id=\"0486d20\" data-element_type=\"container\" data-e-type=\"container\">\n\t\t\t\t\t<div class=\"e-con-inner\">\n\t\t\t\t<div class=\"elementor-element elementor-element-bb62700 elementor-widget elementor-widget-video\" data-id=\"bb62700\" data-element_type=\"widget\" data-e-type=\"widget\" data-settings=\"{&quot;youtube_url&quot;:&quot;https:\\\/\\\/youtu.be\\\/1NjKw_irC24?si=Vk8LmS2UBleJgi51&quot;,&quot;video_type&quot;:&quot;youtube&quot;,&quot;controls&quot;:&quot;yes&quot;}\" data-widget_type=\"video.default\">\n\t\t\t\t\t\t\t<div class=\"elementor-wrapper elementor-open-inline\">\n\t\t\t<div class=\"elementor-video\"><\/div>\t\t<\/div>\n\t\t\t\t\t\t<\/div>\n\t\t\t\t\t<\/div>\n\t\t\t\t<\/div>\n\t\t<div class=\"elementor-element elementor-element-bd77cc8 e-grid e-con-boxed e-con e-parent\" data-id=\"bd77cc8\" data-element_type=\"container\" data-e-type=\"container\">\n\t\t\t\t\t<div class=\"e-con-inner\">\n\t\t\t\t\t<\/div>\n\t\t\t\t<\/div>\n\t\t\t\t<\/div>\n\t\t","protected":false},"excerpt":{"rendered":"<p>Tlos\u2019un Efsanesi \u2013 Likya\u2019n\u0131n G\u00f6ky\u00fcz\u00fcne A\u00e7\u0131lan \u015eehri Tlos, Anadolu\u2019nun g\u00fcneybat\u0131s\u0131nda, bug\u00fcnk\u00fc Fethiye ve Seydikemer yak\u0131nlar\u0131nda yer alan, Likya uygarl\u0131\u011f\u0131n\u0131n en eski ve en g\u00fc\u00e7l\u00fc kentlerinden biridir. Bu \u015fehir, efsanelere g\u00f6re Tanr\u0131lar\u0131n ve kahramanlar\u0131n ya\u015fad\u0131\u011f\u0131 kadim bir yer olarak bilinir. Tlos halk\u0131, topra\u011fa sayg\u0131 duyan, do\u011fayla uyum i\u00e7inde ya\u015fayan bir uygarl\u0131\u011f\u0131n temsilcisidir. Antik kaynaklarda Tlos, \u201cLikya\u2019n\u0131n [&hellip;]<\/p>\n","protected":false},"author":1,"featured_media":0,"parent":0,"menu_order":0,"comment_status":"closed","ping_status":"closed","template":"","meta":{"ngg_post_thumbnail":0,"footnotes":""},"class_list":["post-273","page","type-page","status-publish","hentry"],"_links":{"self":[{"href":"https:\/\/www.tlos.tr\/index.php?rest_route=\/wp\/v2\/pages\/273","targetHints":{"allow":["GET"]}}],"collection":[{"href":"https:\/\/www.tlos.tr\/index.php?rest_route=\/wp\/v2\/pages"}],"about":[{"href":"https:\/\/www.tlos.tr\/index.php?rest_route=\/wp\/v2\/types\/page"}],"author":[{"embeddable":true,"href":"https:\/\/www.tlos.tr\/index.php?rest_route=\/wp\/v2\/users\/1"}],"replies":[{"embeddable":true,"href":"https:\/\/www.tlos.tr\/index.php?rest_route=%2Fwp%2Fv2%2Fcomments&post=273"}],"version-history":[{"count":7,"href":"https:\/\/www.tlos.tr\/index.php?rest_route=\/wp\/v2\/pages\/273\/revisions"}],"predecessor-version":[{"id":285,"href":"https:\/\/www.tlos.tr\/index.php?rest_route=\/wp\/v2\/pages\/273\/revisions\/285"}],"wp:attachment":[{"href":"https:\/\/www.tlos.tr\/index.php?rest_route=%2Fwp%2Fv2%2Fmedia&parent=273"}],"curies":[{"name":"wp","href":"https:\/\/api.w.org\/{rel}","templated":true}]}}